{"id":15389,"date":"2023-10-02T15:25:07","date_gmt":"2023-10-02T15:25:07","guid":{"rendered":"https:\/\/org.wwoof.it\/?page_id=15389"},"modified":"2026-01-06T09:34:45","modified_gmt":"2026-01-06T08:34:45","slug":"progetti","status":"publish","type":"page","link":"https:\/\/org.wwoof.it\/it\/progetti\/","title":{"rendered":"Progetti"},"content":{"rendered":"<p>[et_pb_section fb_built=&#8221;1&#8243; _builder_version=&#8221;4.27.5&#8243; _module_preset=&#8221;default&#8221; background_color=&#8221;#ffffff&#8221; global_colors_info=&#8221;{}&#8221;][et_pb_row _builder_version=&#8221;4.27.5&#8243; _module_preset=&#8221;default&#8221; background_color=&#8221;gcid-c9605433-f05d-493e-ac86-322d40542a35&#8243; custom_padding=&#8221;2em|2em|2em|2em|true|true&#8221; border_radii=&#8221;on|25px|25px|25px|25px&#8221; global_colors_info=&#8221;{%22gcid-c9605433-f05d-493e-ac86-322d40542a35%22:%91%22background_color%22%93}&#8221;][et_pb_column type=&#8221;4_4&#8243; _builder_version=&#8221;4.16&#8243; _module_preset=&#8221;default&#8221; global_colors_info=&#8221;{}&#8221;][et_pb_text _builder_version=&#8221;4.27.5&#8243; _module_preset=&#8221;default&#8221; header_text_color=&#8221;#528A36&#8243; header_font_size=&#8221;42px&#8221; hover_enabled=&#8221;0&#8243; global_colors_info=&#8221;{}&#8221; header_font=&#8221;Bitter|800|||||||&#8221; sticky_enabled=&#8221;0&#8243;]<\/p>\n<h1 style=\"text-align: center;\">Progetti<\/h1>\n<p>[\/et_pb_text][et_pb_text _builder_version=&#8221;4.16&#8243; _module_preset=&#8221;default&#8221; text_font=&#8221;|300|||||||&#8221; global_colors_info=&#8221;{}&#8221;]<\/p>\n<p><span style=\"font-weight: 400;\">WWOOF Italia ha dedicato parte delle sue energie al sostegno di progetti pensati e proposti da consiglio e staff ma anche proposti e realizzati da soci o da amici incontrati sul territorio attraverso i nodi della rete relazionale che si \u00e8 andata ampliando nel tempo.<\/span><\/p>\n<p><span style=\"font-weight: 400;\">Il sostegno \u00e8 talvolta del tutto promozionale e talvolta anche finanziario: in questo caso la copertura \u00e8 parziale perch\u00e9 riteniamo fondamentale che i progetti trovino adeguato riconoscimento e sostegno soprattutto dai territori in cui vanno\u00a0 ad evolversi e ad incidere.<\/span><\/p>\n<p>[\/et_pb_text][\/et_pb_column][\/et_pb_row][\/et_pb_section][et_pb_section fb_built=&#8221;1&#8243; _builder_version=&#8221;4.27.5&#8243; _module_preset=&#8221;default&#8221; background_color=&#8221;#ffffff&#8221; global_colors_info=&#8221;{}&#8221;][et_pb_row column_structure=&#8221;1_2,1_2&#8243; _builder_version=&#8221;4.27.5&#8243; _module_preset=&#8221;default&#8221; background_color=&#8221;gcid-primary-color&#8221; custom_padding=&#8221;2em|2em|2em|2em|true|true&#8221; border_radii=&#8221;on|25px|25px|25px|25px&#8221; global_colors_info=&#8221;{%22gcid-primary-color%22:%91%22background_color%22%93}&#8221;][et_pb_column type=&#8221;1_2&#8243; _builder_version=&#8221;4.16&#8243; _module_preset=&#8221;default&#8221; global_colors_info=&#8221;{}&#8221;][et_pb_text _builder_version=&#8221;4.27.5&#8243; _module_preset=&#8221;default&#8221; header_3_text_align=&#8221;left&#8221; header_3_text_color=&#8221;#D4A366&#8243; header_3_font_size=&#8221;28px&#8221; hover_enabled=&#8221;0&#8243; global_colors_info=&#8221;{}&#8221; header_text_color=&#8221;#613D1A&#8221; sticky_enabled=&#8221;0&#8243;]<\/p>\n<h3>Partecipa al bando progetti 2025-2027<\/h3>\n<p>[\/et_pb_text][et_pb_text _builder_version=&#8221;4.16&#8243; _module_preset=&#8221;default&#8221; text_font_size=&#8221;18px&#8221; global_colors_info=&#8221;{}&#8221;]<\/p>\n<p><span style=\"font-weight: 400;\">Ai Soci, <\/span><span style=\"font-weight: 400;\">se iscritti da almeno due anni<\/span><span style=\"font-weight: 400;\">, dedichiamo un bando attraverso cui vorremmo prenderci cura di una relazione forte e continuativa.<\/span><\/p>\n<p><span style=\"font-weight: 400;\">Clicca sulla copertina del bando per trovare le istruzioni per partecipare all\u2019assegnazione di un sostegno su base triennale. <strong>La\u00a0 candidatura \u00e8 aperta fino al 31 Dicembre 2024.<\/strong><\/span><\/p>\n<p><span style=\"font-weight: 400;\"><strong><\/strong><\/span><\/p>\n<p>&nbsp;<\/p>\n<p>[\/et_pb_text][et_pb_button button_url=&#8221;https:\/\/org.wwoof.it\/wp-content\/uploads\/2024\/09\/crescono-con-noi-25-27.pdf&#8221; url_new_window=&#8221;on&#8221; button_text=&#8221;Download (PDF)&#8221; _builder_version=&#8221;4.27.5&#8243; _module_preset=&#8221;default&#8221; custom_button=&#8221;on&#8221; button_text_color=&#8221;#FDF9F3&#8243; button_bg_color=&#8221;#528A36&#8243; button_border_radius=&#8221;25px&#8221; global_colors_info=&#8221;{}&#8221;][\/et_pb_button][et_pb_button url_new_window=&#8221;on&#8221; button_text=&#8221;Bando Chiuso&#8221; _builder_version=&#8221;4.27.5&#8243; _module_preset=&#8221;default&#8221; custom_button=&#8221;on&#8221; button_text_color=&#8221;#D4A366&#8243; button_border_radius=&#8221;25px&#8221; global_colors_info=&#8221;{}&#8221;][\/et_pb_button][\/et_pb_column][et_pb_column type=&#8221;1_2&#8243; _builder_version=&#8221;4.16&#8243; _module_preset=&#8221;default&#8221; global_colors_info=&#8221;{}&#8221;][et_pb_image src=&#8221;https:\/\/org.wwoof.it\/wp-content\/uploads\/2024\/09\/crescono-con-noi-25-27.png&#8221; alt=&#8221;Bando Progetti WWOOF Italia&#8221; title_text=&#8221;crescono con noi 25 27&#8243; url=&#8221;https:\/\/org.wwoof.it\/wp-content\/uploads\/2024\/09\/crescono-con-noi-25-27.pdf&#8221; url_new_window=&#8221;on&#8221; align=&#8221;center&#8221; _builder_version=&#8221;4.27.4&#8243; _module_preset=&#8221;default&#8221; transform_rotate=&#8221;0deg|0deg|7deg&#8221; module_alignment=&#8221;center&#8221; max_height=&#8221;380px&#8221; animation_style=&#8221;fade&#8221; animation_delay=&#8221;200ms&#8221; box_shadow_style=&#8221;preset4&#8243; global_colors_info=&#8221;{}&#8221; transform_styles__hover_enabled=&#8221;on|hover&#8221; transform_scale__hover_enabled=&#8221;on|hover&#8221; transform_translate__hover_enabled=&#8221;on|desktop&#8221; transform_rotate__hover_enabled=&#8221;on|desktop&#8221; transform_skew__hover_enabled=&#8221;on|desktop&#8221; transform_origin__hover_enabled=&#8221;on|desktop&#8221; transform_scale__hover=&#8221;112%|112%&#8221; transform_rotate__hover=&#8221;0deg|0deg|7deg&#8221;][\/et_pb_image][\/et_pb_column][\/et_pb_row][\/et_pb_section][et_pb_section fb_built=&#8221;1&#8243; _builder_version=&#8221;4.27.5&#8243; _module_preset=&#8221;default&#8221; background_color=&#8221;#ffffff&#8221; custom_padding=&#8221;0px||0px|||&#8221; global_colors_info=&#8221;{}&#8221;][et_pb_row _builder_version=&#8221;4.27.5&#8243; _module_preset=&#8221;default&#8221; background_color=&#8221;gcid-c9605433-f05d-493e-ac86-322d40542a35&#8243; border_radii=&#8221;on|25px|25px|25px|25px&#8221; global_colors_info=&#8221;{%22gcid-c9605433-f05d-493e-ac86-322d40542a35%22:%91%22background_color%22%93}&#8221;][et_pb_column type=&#8221;4_4&#8243; _builder_version=&#8221;4.16&#8243; _module_preset=&#8221;default&#8221; global_colors_info=&#8221;{}&#8221;][et_pb_blurb title=&#8221;Non sei socio o socio da poco?        Ti ascoltiamo&#8221; use_icon=&#8221;on&#8221; font_icon=&#8221;&#x74;||divi||400&#8243; icon_color=&#8221;#528A36&#8243; image_icon_width=&#8221;62px&#8221; _builder_version=&#8221;4.27.5&#8243; _module_preset=&#8221;default&#8221; header_font=&#8221;Bitter|700|||||||&#8221; header_text_align=&#8221;center&#8221; header_text_color=&#8221;#528A36&#8243; header_font_size=&#8221;22px&#8221; body_text_color=&#8221;#613D1A&#8221; body_link_text_color=&#8221;#F5821F&#8221; background_enable_color=&#8221;off&#8221; custom_padding=&#8221;0rem|5rem|0rem|5rem|true|true&#8221; global_colors_info=&#8221;{}&#8221; transform_styles__hover_enabled=&#8221;on|hover&#8221; transform_scale__hover_enabled=&#8221;on|hover&#8221; transform_translate__hover_enabled=&#8221;on|desktop&#8221; transform_rotate__hover_enabled=&#8221;on|desktop&#8221; transform_skew__hover_enabled=&#8221;on|desktop&#8221; transform_origin__hover_enabled=&#8221;on|desktop&#8221; transform_scale__hover=&#8221;110%|110%&#8221;]<\/p>\n<p>Chi si \u00e8 associato recentemente o senza essere socio \u00e8 intenzionato a chiedere a WWOOF Italia il sostegno e\/o la promozione per un progetto che ritiene affine allo spirito dell\u2019associazione\u00a0\u00e8 invitato a contattarci via email\u00a0<a target=\"_blank\" href=\"mailto:staff@wwoof.it\" rel=\"noopener noreferrer\">staff@wwoof.it<\/a>\u00a0o telefono\u00a0<a href=\"tel:+393534934383\" rel=\"noreferrer\">+39 3534934383<\/a><\/p>\n<p>[\/et_pb_blurb][\/et_pb_column][\/et_pb_row][\/et_pb_section][et_pb_section fb_built=&#8221;1&#8243; _builder_version=&#8221;4.27.5&#8243; _module_preset=&#8221;default&#8221; background_enable_color=&#8221;off&#8221; global_colors_info=&#8221;{}&#8221;][et_pb_row _builder_version=&#8221;4.27.5&#8243; _module_preset=&#8221;default&#8221; background_color=&#8221;#F2E8D1&#8243; custom_padding=&#8221;2em|2em|2em|2em|true|true&#8221; border_radii=&#8221;on|25px|25px|25px|25px&#8221; global_colors_info=&#8221;{}&#8221;][et_pb_column type=&#8221;4_4&#8243; _builder_version=&#8221;4.16&#8243; _module_preset=&#8221;default&#8221; global_colors_info=&#8221;{}&#8221;][et_pb_text _builder_version=&#8221;4.26.1&#8243; _module_preset=&#8221;default&#8221; global_colors_info=&#8221;{}&#8221;]<\/p>\n<h3 style=\"text-align: center;\">Notize sui progetti sostenuti da WWOOF Italia<\/h3>\n<p>[\/et_pb_text][et_pb_blog_extras include_categories=&#8221;1359,31&#8243; include_post_tag=&#8221;1710,2440,664&#8243; blog_layout=&#8221;masonry&#8221; excerpt_length=&#8221;0&#8243; show_more=&#8221;off&#8221; show_author=&#8221;off&#8221; show_date=&#8221;off&#8221; show_categories=&#8221;off&#8221; show_comments=&#8221;off&#8221; _builder_version=&#8221;4.27.5&#8243; _module_preset=&#8221;default&#8221; global_colors_info=&#8221;{}&#8221;][\/et_pb_blog_extras][et_pb_posts_carousel_agsdcm category_id=&#8221;1359&#8243; _builder_version=&#8221;4.16&#8243; _module_preset=&#8221;default&#8221; global_colors_info=&#8221;{}&#8221;][\/et_pb_posts_carousel_agsdcm][\/et_pb_column][\/et_pb_row][\/et_pb_section]<\/p>\n","protected":false},"excerpt":{"rendered":"<p>ProgettiWWOOF Italia ha dedicato parte delle sue energie al sostegno di progetti pensati e proposti da consiglio e staff ma anche proposti e realizzati da soci o da amici incontrati sul territorio attraverso i nodi della rete relazionale che si \u00e8 andata ampliando nel tempo. Il sostegno \u00e8 talvolta del tutto promozionale e talvolta anche [&hellip;]<\/p>\n","protected":false},"author":1,"featured_media":0,"parent":0,"menu_order":0,"comment_status":"closed","ping_status":"closed","template":"","meta":{"_et_pb_use_builder":"on","_et_pb_old_content":"","_et_gb_content_width":"","footnotes":""},"class_list":["post-15389","page","type-page","status-publish","hentry"],"_links":{"self":[{"href":"https:\/\/org.wwoof.it\/it\/wp-json\/wp\/v2\/pages\/15389","targetHints":{"allow":["GET"]}}],"collection":[{"href":"https:\/\/org.wwoof.it\/it\/wp-json\/wp\/v2\/pages"}],"about":[{"href":"https:\/\/org.wwoof.it\/it\/wp-json\/wp\/v2\/types\/page"}],"author":[{"embeddable":true,"href":"https:\/\/org.wwoof.it\/it\/wp-json\/wp\/v2\/users\/1"}],"replies":[{"embeddable":true,"href":"https:\/\/org.wwoof.it\/it\/wp-json\/wp\/v2\/comments?post=15389"}],"version-history":[{"count":7,"href":"https:\/\/org.wwoof.it\/it\/wp-json\/wp\/v2\/pages\/15389\/revisions"}],"predecessor-version":[{"id":24912,"href":"https:\/\/org.wwoof.it\/it\/wp-json\/wp\/v2\/pages\/15389\/revisions\/24912"}],"wp:attachment":[{"href":"https:\/\/org.wwoof.it\/it\/wp-json\/wp\/v2\/media?parent=15389"}],"curies":[{"name":"wp","href":"https:\/\/api.w.org\/{rel}","templated":true}]}}