{"id":9986,"date":"2022-08-01T16:51:17","date_gmt":"2022-08-01T16:51:17","guid":{"rendered":"https:\/\/org.wwoof.it\/?page_id=9986"},"modified":"2026-03-07T15:52:43","modified_gmt":"2026-03-07T14:52:43","slug":"lista-host-liberi-da-internet","status":"publish","type":"page","link":"https:\/\/org.wwoof.it\/it\/lista-host-liberi-da-internet\/","title":{"rendered":"Lista Host liberi da Internet"},"content":{"rendered":"<p>[et_pb_section fb_built=&#8221;1&#8243; _builder_version=&#8221;4.27.5&#8243; _module_preset=&#8221;default&#8221; background_color=&#8221;#fcfcfc&#8221; global_colors_info=&#8221;{}&#8221;][et_pb_row custom_padding_last_edited=&#8221;on|phone&#8221; _builder_version=&#8221;4.27.5&#8243; _module_preset=&#8221;default&#8221; background_image=&#8221;https:\/\/org.wwoof.it\/wp-content\/uploads\/2022\/08\/internetfree_header-1.jpg&#8221; custom_padding=&#8221;7em||7em||true|false&#8221; custom_padding_tablet=&#8221;7em||7em||true|false&#8221; custom_padding_phone=&#8221;0em||1em||false|false&#8221; border_radii=&#8221;on|25px|25px|25px|25px&#8221; global_colors_info=&#8221;{}&#8221;][et_pb_column type=&#8221;4_4&#8243; _builder_version=&#8221;4.27.5&#8243; _module_preset=&#8221;default&#8221; global_colors_info=&#8221;{}&#8221;][et_pb_text _builder_version=&#8221;4.27.5&#8243; _module_preset=&#8221;default&#8221; text_text_color=&#8221;#FDF9F3&#8243; text_font_size=&#8221;20px&#8221; header_font=&#8221;Bitter|900|||||||&#8221; header_text_color=&#8221;#FDF9F3&#8243; header_font_size=&#8221;38px&#8221; text_orientation=&#8221;center&#8221; custom_padding=&#8221;3em||||false|false&#8221; text_font_size_tablet=&#8221;20px&#8221; text_font_size_phone=&#8221;16px&#8221; text_font_size_last_edited=&#8221;on|phone&#8221; header_font_size_tablet=&#8221;38px&#8221; header_font_size_phone=&#8221;28px&#8221; header_font_size_last_edited=&#8221;on|phone&#8221; global_colors_info=&#8221;{}&#8221;]<\/p>\n<h1>Liberi da internet<\/h1>\n<p>Esperienze di connessione con la natura, sconnessi dalla rete digitale<\/p>\n<p>[\/et_pb_text][\/et_pb_column][\/et_pb_row][\/et_pb_section][et_pb_section fb_built=&#8221;1&#8243; _builder_version=&#8221;4.27.5&#8243; _module_preset=&#8221;default&#8221; background_enable_image=&#8221;off&#8221; background_size=&#8221;initial&#8221; background_position=&#8221;bottom_left&#8221; global_colors_info=&#8221;{}&#8221;][et_pb_row column_structure=&#8221;1_4,3_4&#8243; _builder_version=&#8221;4.27.5&#8243; _module_preset=&#8221;default&#8221; background_color=&#8221;gcid-7b22c746-938f-4553-b124-117c116c1b04&#8243; custom_padding=&#8221;2em|2em|2em|2em|true|true&#8221; border_radii=&#8221;on|25px|25px|25px|25px&#8221; global_colors_info=&#8221;{%22gcid-7b22c746-938f-4553-b124-117c116c1b04%22:%91%22background_color%22%93}&#8221;][et_pb_column type=&#8221;1_4&#8243; _builder_version=&#8221;4.17.6&#8243; _module_preset=&#8221;default&#8221; global_colors_info=&#8221;{}&#8221;][et_pb_text _builder_version=&#8221;4.27.5&#8243; _module_preset=&#8221;default&#8221; text_text_color=&#8221;#210906&#8243; header_text_color=&#8221;#528A36&#8243; header_2_font=&#8221;|800|||||||&#8221; header_2_text_color=&#8221;#528A36&#8243; header_3_text_color=&#8221;#528A36&#8243; global_colors_info=&#8221;{}&#8221;]<\/p>\n<div class=\"builder-content-wrapper\">\n<div class=\"builder-content-inner\">\n<div class=\"builder-content builder-content-builder builder-content-builder-custom-heading\">\n<div class=\"builder-content\">\n<h2 id=\"builder-content-heading-0\" class=\"builder-content-custom-heading\">Con WWOOF Italia hai l&#8217;opportunit\u00e0 di fare WWOOFing sconnesso dal mondo digitale, vuoi provare?<\/h2>\n<\/div>\n<\/div>\n<\/div>\n<\/div>\n<div class=\"builder-content-wrapper\">\n<div class=\"builder-content-inner\">\n<div class=\"builder-content builder-content-builder builder-content-builder-custom-text\">\n<div class=\"builder-content\">\n<p>Ci sono Host in WWOOF Italia che, per scelta, hanno deciso di non utilizzare internet. Puoi contattarli direttamente via telefono o lettera oppure puoi inviare\u00a0una richiesta\u00a0dalla piattaforma e attendere che un coordinatore o lo staff dell&#8217;associazione si metta in contatto con te per ulteriori dettagli. Ci sono anche realt\u00e0 sconnesse che accolgono i soci senza necessit\u00e0 di fare richiesta. Consulta la lista degli host internet free qui sotto\u00a0e prova questa esperienza.<\/p>\n<\/div>\n<\/div>\n<\/div>\n<\/div>\n<p>[\/et_pb_text][\/et_pb_column][et_pb_column type=&#8221;3_4&#8243; _builder_version=&#8221;4.17.6&#8243; _module_preset=&#8221;default&#8221; global_colors_info=&#8221;{}&#8221;][et_pb_blurb title=&#8221;Emanuele&#8221; url=&#8221;https:\/\/wwoof.it\/it\/host\/15055&#8243; url_new_window=&#8221;on&#8221; image=&#8221;https:\/\/org.wwoof.it\/wp-content\/uploads\/2022\/08\/picture-13641-1597078079.jpg&#8221; alt=&#8221;Emanuele Marchetti&#8221; icon_placement=&#8221;left&#8221; image_icon_width=&#8221;120px&#8221; content_max_width=&#8221;100%&#8221; icon_placement_tablet=&#8221;left&#8221; icon_placement_phone=&#8221;top&#8221; icon_placement_last_edited=&#8221;on|phone&#8221; _builder_version=&#8221;4.27.6&#8243; _module_preset=&#8221;default&#8221; header_font=&#8221;Bitter|800|||||||&#8221; header_text_align=&#8221;left&#8221; header_text_color=&#8221;#613D1A&#8221; header_font_size=&#8221;29px&#8221; background_color=&#8221;gcid-c9605433-f05d-493e-ac86-322d40542a35&#8243; custom_padding=&#8221;5%|5%|5%|5%|true|true&#8221; hover_enabled=&#8221;0&#8243; border_radii=&#8221;on|25px|25px|25px|25px&#8221; border_radii_image=&#8221;on|1620px|1620px|1620px|1620px&#8221; box_shadow_style=&#8221;preset3&#8243; global_colors_info=&#8221;{%22gcid-c9605433-f05d-493e-ac86-322d40542a35%22:%91%22background_color%22%93}&#8221; transform_styles__hover_enabled=&#8221;on|hover&#8221; transform_scale__hover_enabled=&#8221;on|hover&#8221; transform_translate__hover_enabled=&#8221;on|desktop&#8221; transform_rotate__hover_enabled=&#8221;on|desktop&#8221; transform_skew__hover_enabled=&#8221;on|desktop&#8221; transform_origin__hover_enabled=&#8221;on|desktop&#8221; transform_scale__hover=&#8221;103%|103%&#8221; sticky_enabled=&#8221;0&#8243;]<\/p>\n<p>Durante la sua storia, ovvero per secoli e millenni, l&#8217;essere umano, ogni essere umano, per soddisfare i suoi bisogni primari e non si \u00e8 sempre servito di strumenti che, anche se magari senza rendersene conto, per la loro semplicit\u00e0 gli hanno garantito una notevole autonomia all&#8217;interno di differenti gruppi sociali che si sono susseguiti nel tempo su questo pianeta che ci ospita.<strong><\/strong><\/p>\n<p>&#8220;Ora&#8221; siamo giunti a una svolta, lasceremo ai nostri figli un pianeta dove l&#8217;essere umano, <span style=\"text-decoration: underline;\">ogni<\/span> essere umano, non potr\u00e0 o meglio non sapr\u00e0 soddisfare i suoi bisogni (forse <span style=\"text-decoration: underline;\">tutti<\/span> i suoi bisogni) senza premere un pulsante su un display, che per\u00f2, in quanto strumento complesso e sofisticato, sar\u00e0 controllato da pochissimi, rispetto al resto della popolazione, specialisti.<\/p>\n<p>Tutto molto comodo, tutto molto veloce, basta che ci sia campo e tutto \u00e8 possibile, se non c&#8217;\u00e8 campo&#8230; panico totale!<\/p>\n<p>Il prezzo che sta pagando la terra e tutto quello che perder\u00e0 il genere umano (se sar\u00e0 ancora &#8220;umano&#8221;?!) per usare questi &#8220;giocattolini&#8221; \u00e8 sotto gli occhi di tutti, peccato che troppi occhi (e forse tanti cuori) siano chusi. Cos\u00ec sembra debba andare&#8230;<\/p>\n<p>Come persona che ha scelto di tornare a vivere a contatto della terra, tra i vari motivi, per quel forte senso di libert\u00e0 e autonomia che pu\u00f2 dare questa vita, cerco di continuare a vivere in maniera semplice, rallentando, ricordando che si pu\u00f2 fare altrimenti, con i miei limiti e contraddizioni. Consapevole che i miei reali bisogno sono pochi e che ha senso cercare di soddisfarli nel miglior modo possibile evitando anche di disperdere energie dietro bisogno e &#8221; obblighi&#8221; indotti che servono solo a garantire che la &#8220;macchina&#8221; non si fermi.<\/p>\n<p><strong>La descrizione di Emanuele sulla piattaforma:<\/strong><\/p>\n<p><span>Uele e Nehir (2015) custodiamo 5 ettari tra prato e bosco, coltivo per la sussistenza ortaggi, frutta, legume e mais; ci riscaldiamo e riscaldiamo l&#8217;acqua con una stufa legna e lavoriamo solo con attrezzi manuali senza motore. Per scelta e per piacere ci illuminiamo con lampade a olio e non usiamo corrente elettricit\u00e0 ne gas&#8230;<\/span><\/p>\n<p>[\/et_pb_blurb][et_pb_blurb title=&#8221;Max&#8221; url=&#8221;https:\/\/wwoof.it\/it\/host\/14839&#8243; url_new_window=&#8221;on&#8221; image=&#8221;https:\/\/org.wwoof.it\/wp-content\/uploads\/2026\/03\/max_tulliach.jpg&#8221; icon_placement=&#8221;left&#8221; image_icon_width=&#8221;120px&#8221; content_max_width=&#8221;100%&#8221; icon_placement_tablet=&#8221;left&#8221; icon_placement_phone=&#8221;top&#8221; icon_placement_last_edited=&#8221;on|phone&#8221; _builder_version=&#8221;4.27.6&#8243; _module_preset=&#8221;default&#8221; header_font=&#8221;Bitter|800|||||||&#8221; header_text_align=&#8221;left&#8221; header_text_color=&#8221;#613D1A&#8221; header_font_size=&#8221;29px&#8221; background_color=&#8221;#e9ede3&#8243; custom_padding=&#8221;5%|5%|5%|5%|true|true&#8221; hover_enabled=&#8221;0&#8243; border_radii=&#8221;on|25px|25px|25px|25px&#8221; border_radii_image=&#8221;on|1620px|1620px|1620px|1620px&#8221; box_shadow_style=&#8221;preset3&#8243; global_colors_info=&#8221;{}&#8221; transform_styles__hover_enabled=&#8221;on|hover&#8221; transform_scale__hover_enabled=&#8221;on|hover&#8221; transform_translate__hover_enabled=&#8221;on|desktop&#8221; transform_rotate__hover_enabled=&#8221;on|desktop&#8221; transform_skew__hover_enabled=&#8221;on|desktop&#8221; transform_origin__hover_enabled=&#8221;on|desktop&#8221; transform_scale__hover=&#8221;103%|103%&#8221; sticky_enabled=&#8221;0&#8243;]<\/p>\n<p>Siamo Max (1975) e Geraldine (1975), viviamo in semplicit\u00e0 a Calcina, una frazione a 8Km da Camerino. Non abbiamo l&#8217;elettricit\u00e0 ne l&#8217;acqua in casa. Per i lavori in campagna utilizziamo esclusivamente attrezzatura manuale. Gestiamo diversi orti per la nostra produzione di cibo, destinata quasi totalmente all&#8217;autoconsumo. Nel terreno c&#8217;\u00e8 un piccolo apiario ed un pollaio. I lavori da svolgere sono molteplici, la quotidianit\u00e0 richieste impegno, ma \u00e8 una nostra scelta che ci ripaga con gioie e soddisfazioni. E&#8217; un luogo ideale per chi intenda effettuare un periodo di tecnodigiuno e riscoprire le sensazioni e le emozioni di una vita priva di tecnologia invasiva.<\/p>\n<p>Con noi vivono 3 figli: Benjamin (2008), Yuri (2010) e Luana (2012) e diversi gatti. Possiamo ospitare in tenda, in casa o in una casetta sull&#8217;albero.<span><\/span><\/p>\n<p><span><\/span><\/p>\n<p><span>In un mondo proteso vorticosamente alla velocit\u00e0, riteniamo doveroso concederci il tempo per rallentare. Scrivere una lettera ed attendere la risposta \u00e8 un buon esercizio a tal fine.<br \/><\/span><\/p>\n<p><span>Geraldine e Max Tulliach &#8211; Loc. Calcina 17 &#8211; 62032 Camerino MC oppure manda un SMS al 3319189316<\/span><\/p>\n<p><strong>La descrizione di Max e Geraldine sulla piattaforma:<\/strong><\/p>\n<p><span>NON ABBIAMO INTERNET NE E-MAIL<br \/>Per contattarci \u00e8 preferibile scrivere una lettera, risponderemo prontamente all&#8217;indirizzo Localit\u00e0 Calcina, 17 62032 Camerino (MC). *Per chi ha fretta, mandate un sms al 3319189316* <\/span><\/p>\n<p>Viviamo in un vecchio casale in pietra, isolato e raggiungibile solo a piedi. Per scelta non possediamo l&#8217;elettricit\u00e0 n\u00e8 l&#8217;acqua in casa. Conduciamo una vita semplice e sobria, cercando di eliminare sprechi e di essere ecologicamente responsabili. I lavori sono svolti esclusivamente con attrezzi manuali e si distribuiscono durante l&#8217;anno a seconda delle stagioni e delle necessit\u00e0: fare legna, preparare e organizzare gli orti, potare gli ulivi, macinare il grano, l&#8217;apicoltura, trasformare e conservare i prodotti dell&#8217;orto e la frutta, raccogliere le erbe selvatiche, eseguire la manutenzione della casa&#8230;..tutto \u00e8 lavoro e niente \u00e8 lavoro&#8230;&#8230;. \u00e8 la nostra vita!<\/p>\n<p>Luogo ottimale per tecno-digiuni. I WWOOFer potranno essere ospitati in casa, tenda o nella casetta sull&#8217;albero.<\/p>\n<p>Max pratica e insegna yoga.<br \/>Per l&#8217;istruzione dei nostri figli ci avvaliamo della scuola parentale (a casa) con soddisfazione. Accogliamo anche famiglie con bambini per condividere l&#8217;esperienza. Lingue parlate: Francese, poco Inglese e Tedesco.<\/p>\n<p>[\/et_pb_blurb][et_pb_blurb title=&#8221;Felice&#8221; url=&#8221;https:\/\/wwoof.it\/it\/host\/14818&#8243; url_new_window=&#8221;on&#8221; image=&#8221;https:\/\/org.wwoof.it\/wp-content\/uploads\/2022\/08\/felice.png&#8221; alt=&#8221;Emanuele Marchetti&#8221; icon_placement=&#8221;left&#8221; image_icon_width=&#8221;120px&#8221; content_max_width=&#8221;100%&#8221; icon_placement_tablet=&#8221;left&#8221; icon_placement_phone=&#8221;top&#8221; icon_placement_last_edited=&#8221;on|phone&#8221; _builder_version=&#8221;4.27.6&#8243; _module_preset=&#8221;default&#8221; header_font=&#8221;Bitter|800|||||||&#8221; header_text_align=&#8221;left&#8221; header_text_color=&#8221;#613D1A&#8221; header_font_size=&#8221;29px&#8221; background_color=&#8221;#e9ede3&#8243; custom_padding=&#8221;5%|5%|5%|5%|true|true&#8221; hover_enabled=&#8221;0&#8243; border_radii=&#8221;on|25px|25px|25px|25px&#8221; border_radii_image=&#8221;on|1620px|1620px|1620px|1620px&#8221; box_shadow_style=&#8221;preset3&#8243; global_colors_info=&#8221;{}&#8221; transform_styles__hover_enabled=&#8221;on|hover&#8221; transform_scale__hover_enabled=&#8221;on|hover&#8221; transform_translate__hover_enabled=&#8221;on|desktop&#8221; transform_rotate__hover_enabled=&#8221;on|desktop&#8221; transform_skew__hover_enabled=&#8221;on|desktop&#8221; transform_origin__hover_enabled=&#8221;on|desktop&#8221; transform_scale__hover=&#8221;103%|103%&#8221; sticky_enabled=&#8221;0&#8243;]<\/p>\n<p><strong>La descrizione di Felice sulla piattaforma<\/strong><\/p>\n<p><span>Vivo una vita molto semplice cercando di produrre il pi\u00f9 possibile il cibo quotidiano. Non uso attrezatura meccaniche se non sporadicamente. Chi viene\u00a0 a trovarmiviene viene a trovare un&#8217;altra dimensione di vita. Sono 22 anni che ho intrapreso questo sentiero dopo una lunga ricerca di libert\u00e0 e indipendenza&#8230;<\/span><\/p>\n<p>[\/et_pb_blurb][et_pb_blurb title=&#8221;Fabrizio&#8221; url=&#8221;https:\/\/wwoof.it\/it\/host\/15619&#8243; url_new_window=&#8221;on&#8221; image=&#8221;https:\/\/org.wwoof.it\/wp-content\/uploads\/2022\/08\/picture-158235-1583075943-1.jpg&#8221; alt=&#8221;Emanuele Marchetti&#8221; icon_placement=&#8221;left&#8221; image_icon_width=&#8221;120px&#8221; content_max_width=&#8221;100%&#8221; icon_placement_tablet=&#8221;left&#8221; icon_placement_phone=&#8221;top&#8221; icon_placement_last_edited=&#8221;on|phone&#8221; _builder_version=&#8221;4.27.6&#8243; _module_preset=&#8221;default&#8221; header_font=&#8221;Bitter|800|||||||&#8221; header_text_align=&#8221;left&#8221; header_text_color=&#8221;#613D1A&#8221; header_font_size=&#8221;29px&#8221; background_color=&#8221;#e9ede3&#8243; custom_padding=&#8221;5%|5%|5%|5%|true|true&#8221; hover_enabled=&#8221;0&#8243; border_radii=&#8221;on|25px|25px|25px|25px&#8221; border_radii_image=&#8221;on|1620px|1620px|1620px|1620px&#8221; box_shadow_style=&#8221;preset3&#8243; global_colors_info=&#8221;{}&#8221; transform_styles__hover_enabled=&#8221;on|hover&#8221; transform_scale__hover_enabled=&#8221;on|hover&#8221; transform_translate__hover_enabled=&#8221;on|desktop&#8221; transform_rotate__hover_enabled=&#8221;on|desktop&#8221; transform_skew__hover_enabled=&#8221;on|desktop&#8221; transform_origin__hover_enabled=&#8221;on|desktop&#8221; transform_scale__hover=&#8221;103%|103%&#8221; sticky_enabled=&#8221;0&#8243;]<\/p>\n<p><span>Da molto tempo ho scelto di vivere il pi\u00f9 possibile vicino alla natura, in modo semplice e rispettoso di tutto quello che mi circonda.<br \/>Ad un certo punto \u00e8 arrivato il computer, poi addirittura il cosidetto telefono intelligente che velocemente si \u00e8 stabilito nelle mani di praticamente tutti. Una vera protesi, senza la quale non si pu\u00e0 pi\u00f9 vivere.<br \/>Il miraggio di essere connessi con tutto.<br \/>Io ho scelto di non acquisire questo, come altri oggetti che puntualmente ci vengono presentati come comodi ed indispensabili. Ho scelto di non essere dipendente dalle multinazionali dell&#8217;informatica, di non contribuire ad aumentare l&#8217;inquinamento elettromagnetico gi\u00e0 esistente, di non usufruire delle guerre per il Coltan o le cosidette terre rare, di tutte le fabbriche che in tante parti del pianeta servono a produrre componenti per i magici giocattolini.<br \/>Quanta energia si consuma per tutto questo tempo? Quanta ce ne vuole per far funzionare internet, i vari motori di ricerca, l&#8217;intelligenza artificiale? Da dove viene prodotta tutta questa energia?<br \/>In definitiva chi ci rimette \u00e8 sempre la madre terra, l&#8217;ambiente in ci viviamo e tutti i suoi abitanti.<br \/>Non ho mai capito come anche le persone della cosidetta alternativa siano cadute nel tranello di usare cos\u00ec allegramente questi dannosi dispositivi.<br \/>Io cerco di essere connesso con me stesso e con tutto quello che mi circonda attraverso la mia consapevolezza, i miei sensi, le mie percezioni. Questa \u00e8 la realt\u00e0, non quella che \u00e8 disponibile in ogni momento attraverso uno schermo.<br \/>Quando voglio comunicare con una persona lontana io uso la penna, la carta, la busta da lettere, il francobollo ed il servizio postale ed attendo la risposta. Questo per me \u00e8 il tempo reale, non quello artificiale del tutto e subito di una macchina computer.<br \/>Quando voglio andare in quale posto nuovo o quando viaggio, ho con me la cartina, guardo le indicazioni stradali, chiedo informazioni. E se mi perdo, se sbaglio strada, chiss\u00e0 che cose inaspettate mi possono venire incontro?<br \/>Quando ho curiosit\u00e0 od interesse per qualcosa, ho i libri ed il ritmo lento ed impegnativo della lettura; e poi ci sono le enciclopedie, le bibliotete.<br \/>Sembra che su internet ci sia tutto, qualunque cosa chiedi, arriva la risposta. Ma chi \u00e8 che ha pubblicato quelle informazioni? Mi \u00e8 stato detto che a volte l&#8217;autore \u00e8 pure ignoto. Quindi si attribuisce verit\u00e0 alle informazioni, solo per cieca fiducia nel magico schermo.<br \/>Un libro ha un autore ed una casa editrice, ha un contenuto coerente o meno ed a questi elementi si pu\u00f2 attribuire fiducia o no, credibilt\u00e0 o no.<br \/>E poi mi accontento di non avere l&#8217;illusione di &#8220;sapere&#8221; in qualunque momento qualsiasi cosa, di non essere in grado di &#8220;comunicare&#8221; in qualsiasi momento con qualunque parte del mondo.<br \/>Questo per me \u00e8 vivere in modo naturale.<br \/>Vivere in modo naturale ha i suoi limiti.<br \/>I limiti sono nella natura.<\/span><\/p>\n<p><strong>La descrizione di Fabrizio sulla piattaforma:<\/strong><\/p>\n<p><span><\/span><\/p>\n<p><span>Viviamo in una vecchia casa in collina su un terreno di 5.5 ettari ca. Nostro principale scopo \u00e8 l&#8217;autosufficienza. Produciamo miele, propoli, olio d&#8217;oliva, pane, frutta, marmellate e succhi d&#8217;uva. Per scelta non abbiamo l&#8217;elettricit\u00e0 n\u00e9 l&#8217;acqua in casa. Per lavorare usiamo solo attrezzature manuali.\u00a0Attualmente siamo 2 persone stabili, Fabrizio e Siddhartha (nato nel 2007). Consideriamo la nostra trib\u00f9 formata da noi 2 pi\u00f9 i ritornanti (coloro che ritornano) e gli ospiti&#8230;<\/span><\/p>\n<p>[\/et_pb_blurb][\/et_pb_column][\/et_pb_row][\/et_pb_section][et_pb_section fb_built=&#8221;1&#8243; module_id=&#8221;documentazione&#8221; _builder_version=&#8221;4.17.6&#8243; _module_preset=&#8221;default&#8221; background_image=&#8221;https:\/\/org.wwoof.it\/wp-content\/uploads\/2022\/02\/4B_Tree_400h.png&#8221; background_size=&#8221;initial&#8221; background_position=&#8221;bottom_left&#8221; custom_padding=&#8221;282px|||||&#8221; global_colors_info=&#8221;{}&#8221;][et_pb_row _builder_version=&#8221;4.16&#8243; _module_preset=&#8221;default&#8221; global_colors_info=&#8221;{}&#8221;][et_pb_column type=&#8221;4_4&#8243; _builder_version=&#8221;4.16&#8243; _module_preset=&#8221;default&#8221; global_colors_info=&#8221;{}&#8221;][et_pb_text _builder_version=&#8221;4.19.2&#8243; _module_preset=&#8221;default&#8221; header_4_line_height=&#8221;2em&#8221; global_colors_info=&#8221;{}&#8221;]<\/p>\n<h3 style=\"text-align: center;\">Un&#8217;esperienza diversa per le nuove generazioni<\/h3>\n<div id=\"gtx-trans\" style=\"position: absolute; left: 472px; top: -6.28125px;\">\n<div class=\"gtx-trans-icon\"><\/div>\n<\/div>\n<p>[\/et_pb_text][\/et_pb_column][\/et_pb_row][\/et_pb_section][et_pb_section fb_built=&#8221;1&#8243; _builder_version=&#8221;4.16&#8243; _module_preset=&#8221;default&#8221; background_color=&#8221;#F2E8D1&#8243; global_colors_info=&#8221;{}&#8221;][\/et_pb_section][et_pb_section fb_built=&#8221;1&#8243; _builder_version=&#8221;4.17.6&#8243; _module_preset=&#8221;default&#8221; background_color=&#8221;#613D1A&#8221; global_colors_info=&#8221;{}&#8221;][\/et_pb_section][et_pb_section fb_built=&#8221;1&#8243; _builder_version=&#8221;4.17.6&#8243; _module_preset=&#8221;default&#8221; global_colors_info=&#8221;{}&#8221;][\/et_pb_section]<\/p>\n","protected":false},"excerpt":{"rendered":"<p>Liberi da internet Esperienze di connessione con la natura, sconnessi dalla rete digitale Con WWOOF Italia hai l&#8217;opportunit\u00e0 di fare WWOOFing sconnesso dal mondo digitale, vuoi provare? Ci sono Host in WWOOF Italia che, per scelta, hanno deciso di non utilizzare internet. Puoi contattarli direttamente via telefono o lettera oppure puoi inviare\u00a0una richiesta\u00a0dalla piattaforma e [&hellip;]<\/p>\n","protected":false},"author":1,"featured_media":0,"parent":0,"menu_order":0,"comment_status":"closed","ping_status":"closed","template":"","meta":{"_et_pb_use_builder":"on","_et_pb_old_content":"","_et_gb_content_width":"","footnotes":""},"class_list":["post-9986","page","type-page","status-publish","hentry"],"_links":{"self":[{"href":"https:\/\/org.wwoof.it\/it\/wp-json\/wp\/v2\/pages\/9986","targetHints":{"allow":["GET"]}}],"collection":[{"href":"https:\/\/org.wwoof.it\/it\/wp-json\/wp\/v2\/pages"}],"about":[{"href":"https:\/\/org.wwoof.it\/it\/wp-json\/wp\/v2\/types\/page"}],"author":[{"embeddable":true,"href":"https:\/\/org.wwoof.it\/it\/wp-json\/wp\/v2\/users\/1"}],"replies":[{"embeddable":true,"href":"https:\/\/org.wwoof.it\/it\/wp-json\/wp\/v2\/comments?post=9986"}],"version-history":[{"count":18,"href":"https:\/\/org.wwoof.it\/it\/wp-json\/wp\/v2\/pages\/9986\/revisions"}],"predecessor-version":[{"id":25612,"href":"https:\/\/org.wwoof.it\/it\/wp-json\/wp\/v2\/pages\/9986\/revisions\/25612"}],"wp:attachment":[{"href":"https:\/\/org.wwoof.it\/it\/wp-json\/wp\/v2\/media?parent=9986"}],"curies":[{"name":"wp","href":"https:\/\/api.w.org\/{rel}","templated":true}]}}